{"id":16,"date":"2026-02-15T19:14:12","date_gmt":"2026-02-15T19:14:12","guid":{"rendered":"http:\/\/heltro.dk\/?page_id=16"},"modified":"2026-02-15T19:19:45","modified_gmt":"2026-02-15T19:19:45","slug":"om-heltro-dk","status":"publish","type":"page","link":"https:\/\/heltro.dk\/?page_id=16","title":{"rendered":"Om Heltro.dk"},"content":{"rendered":"\n<p>Arbejdsdagen er slut, men k\u00f8rer din hjerne stadig i h\u00f8jgear?<\/p>\n\n\n\n<p>Hos <strong>Heltro.dk<\/strong> f\u00e5r du adgang til et voksende univers af guidede meditationer p\u00e5 dansk. Vi har sk\u00e5ret alle de dyre mellemled v\u00e6k, s\u00e5 du kan f\u00e5 professionelt n\u00e6rv\u00e6r til en br\u00f8kdel af prisen.<\/p>\n\n\n\n<ul class=\"wp-block-list\">\n<li><strong>Danske stemmer<\/strong> der giver ro.<\/li>\n\n\n\n<li><strong>Nyt indhold<\/strong> hver eneste uge.<\/li>\n\n\n\n<li><strong>Kun 29 DKK\/md.<\/strong> \u2013 helt uden binding.<\/li>\n<\/ul>\n\n\n\n<p><strong>F\u00e5 dit daglige pusterum i dag. Det koster mindre end en kop kaffe.<\/strong><\/p>\n","protected":false},"excerpt":{"rendered":"<p>Arbejdsdagen er slut, men k\u00f8rer din hjerne stadig i h\u00f8jgear? Hos Heltro.dk f\u00e5r du adgang til et voksende univers af guidede meditationer p\u00e5 dansk. Vi har sk\u00e5ret alle de dyre mellemled v\u00e6k, s\u00e5 du kan f\u00e5 professionelt n\u00e6rv\u00e6r til en br\u00f8kdel af prisen. F\u00e5 dit daglige pusterum i dag. Det koster mindre end en kop &hellip; <\/p>\n<p class=\"link-more\"><a href=\"https:\/\/heltro.dk\/?page_id=16\" class=\"more-link\">L\u00e6s videre<span class=\"screen-reader-text\"> &#8220;Om Heltro.dk&#8221;<\/span><\/a><\/p>\n","protected":false},"author":1,"featured_media":0,"parent":0,"menu_order":0,"comment_status":"closed","ping_status":"closed","template":"","meta":{"_surecart_dashboard_logo_width":"180px","_surecart_dashboard_show_logo":true,"_surecart_dashboard_navigation_orders":true,"_surecart_dashboard_navigation_invoices":true,"_surecart_dashboard_navigation_subscriptions":true,"_surecart_dashboard_navigation_downloads":true,"_surecart_dashboard_navigation_billing":true,"_surecart_dashboard_navigation_account":true,"footnotes":""},"class_list":["post-16","page","type-page","status-publish","hentry"],"_links":{"self":[{"href":"https:\/\/heltro.dk\/index.php?rest_route=\/wp\/v2\/pages\/16","targetHints":{"allow":["GET"]}}],"collection":[{"href":"https:\/\/heltro.dk\/index.php?rest_route=\/wp\/v2\/pages"}],"about":[{"href":"https:\/\/heltro.dk\/index.php?rest_route=\/wp\/v2\/types\/page"}],"author":[{"embeddable":true,"href":"https:\/\/heltro.dk\/index.php?rest_route=\/wp\/v2\/users\/1"}],"replies":[{"embeddable":true,"href":"https:\/\/heltro.dk\/index.php?rest_route=%2Fwp%2Fv2%2Fcomments&post=16"}],"version-history":[{"count":2,"href":"https:\/\/heltro.dk\/index.php?rest_route=\/wp\/v2\/pages\/16\/revisions"}],"predecessor-version":[{"id":25,"href":"https:\/\/heltro.dk\/index.php?rest_route=\/wp\/v2\/pages\/16\/revisions\/25"}],"wp:attachment":[{"href":"https:\/\/heltro.dk\/index.php?rest_route=%2Fwp%2Fv2%2Fmedia&parent=16"}],"curies":[{"name":"wp","href":"https:\/\/api.w.org\/{rel}","templated":true}]}}